{"id":145,"date":"2022-10-11T10:43:00","date_gmt":"2022-10-11T10:43:00","guid":{"rendered":"http:\/\/naru-suisse.org\/?page_id=145"},"modified":"2024-12-23T16:51:00","modified_gmt":"2024-12-23T16:51:00","slug":"projektvorhaben","status":"publish","type":"page","link":"https:\/\/naru-suisse.org\/?page_id=145","title":{"rendered":"6 Solar-Metallwerkst\u00e4tten (ECREEE)"},"content":{"rendered":"\n<p><strong>Projekttitel: Aufbau von Solar-Metallwerkst\u00e4tten mit angeschlossenem Micro-Grid in 6 verschiedenen D\u00f6rfern l\u00e4ndlicher Regionen Guinea-Bissaus <em>(Serralharia solar com Micro Grid nas regi\u00f5es rurais da Guin\u00e9-Bissau)<\/em><br><\/strong>Projektbeginn: Juni 2021<\/p>\n\n\n\n<p>Projektende: Juni 2024<\/p>\n\n\n\n<div class=\"wp-container-3 wp-block-columns\">\n<div class=\"wp-container-1 wp-block-column\">\n<p><em>NARU Navitas Ruralium<\/em> (Bissau)&nbsp;errichtete in insgesamt 6 verschiedenen D\u00f6rfern im l\u00e4ndlichen Guinea-Bissau Solarkraftwerke (je 10 kWp) mit jeweils einer Metallwerkstatt und einem angeschlossenen Micro-Grid f\u00fcr die Energieversorgung von rund 25 Haushalten und kleinen Gesch\u00e4ften. Die Installationen sind angelegt als Vorstufe zu einem kleinen Industrieparkpark, der sp\u00e4ter um eine Schreinerei erweitert werden soll. Die 6 D\u00f6rfer sind: Illond\u00e9, Tendinto, Bubaque, Bijini, Calequisse und Contuba. Das Projekt wurde finanziert von der ECOWAS-Agentur ECREEE (ECOWAS Centre for Renewable Energy and Energy Efficiency unter der Schirmherrschaft von UNIDO (United Nations Industrial Development Organisation)<\/p>\n\n\n\n<p>Mehr Infos zu ECREEE: <a rel=\"noreferrer noopener\" href=\"http:\/\/www.ecreee.org\/\" target=\"_blank\">http:\/\/www.ecreee.org<\/a>.<\/p>\n<\/div>\n\n\n\n<div class=\"wp-container-2 wp-block-column\">\n<figure class=\"wp-block-image size-large\"><img loading=\"lazy\" width=\"1024\" height=\"768\" src=\"http:\/\/naru-suisse.org\/wp-content\/uploads\/2022\/10\/Aktuelle-Projekte-Bild-1-1-1024x768.jpg\" alt=\"\" class=\"wp-image-157\" srcset=\"https:\/\/naru-suisse.org\/wp-content\/uploads\/2022\/10\/Aktuelle-Projekte-Bild-1-1-1024x768.jpg 1024w, https:\/\/naru-suisse.org\/wp-content\/uploads\/2022\/10\/Aktuelle-Projekte-Bild-1-1-300x225.jpg 300w, https:\/\/naru-suisse.org\/wp-content\/uploads\/2022\/10\/Aktuelle-Projekte-Bild-1-1-768x576.jpg 768w, https:\/\/naru-suisse.org\/wp-content\/uploads\/2022\/10\/Aktuelle-Projekte-Bild-1-1-1536x1152.jpg 1536w, https:\/\/naru-suisse.org\/wp-content\/uploads\/2022\/10\/Aktuelle-Projekte-Bild-1-1-2048x1536.jpg 2048w, https:\/\/naru-suisse.org\/wp-content\/uploads\/2022\/10\/Aktuelle-Projekte-Bild-1-1-1568x1176.jpg 1568w\" sizes=\"(max-width: 1024px) 100vw, 1024px\" \/><\/figure>\n\n\n\n<figure class=\"wp-block-image size-large\"><img loading=\"lazy\" width=\"1024\" height=\"768\" src=\"http:\/\/naru-suisse.org\/wp-content\/uploads\/2022\/10\/Aktuelle-Projekte-Bild-2-1-1024x768.jpg\" alt=\"\" class=\"wp-image-160\" srcset=\"https:\/\/naru-suisse.org\/wp-content\/uploads\/2022\/10\/Aktuelle-Projekte-Bild-2-1-1024x768.jpg 1024w, https:\/\/naru-suisse.org\/wp-content\/uploads\/2022\/10\/Aktuelle-Projekte-Bild-2-1-300x225.jpg 300w, https:\/\/naru-suisse.org\/wp-content\/uploads\/2022\/10\/Aktuelle-Projekte-Bild-2-1-768x576.jpg 768w, https:\/\/naru-suisse.org\/wp-content\/uploads\/2022\/10\/Aktuelle-Projekte-Bild-2-1-1536x1152.jpg 1536w, https:\/\/naru-suisse.org\/wp-content\/uploads\/2022\/10\/Aktuelle-Projekte-Bild-2-1-2048x1536.jpg 2048w, https:\/\/naru-suisse.org\/wp-content\/uploads\/2022\/10\/Aktuelle-Projekte-Bild-2-1-1568x1176.jpg 1568w\" sizes=\"(max-width: 1024px) 100vw, 1024px\" \/><\/figure>\n<\/div>\n<\/div>\n\n\n\n<p>Parallel zur Bauphase und nach Inbetriebnahme der Metallwerkstatt und des Micro-Grids finden Schulungen in verschiedenen Bereichen statt (Solartechnik- und Metallbearbeitungskurse, Spezialkurse f\u00fcr Frauen).<\/p>\n\n\n\n<p>F\u00fcr die D\u00f6rfer markiert die Anlage den Zugang zu einer umweltgerechten und nachhaltigen Energieversorgung durch erneuerbare Energien. Die Abh\u00e4ngigkeit von fossilen Brennstoffen wird verringert und es er\u00f6ffnen sich Perspektiven f\u00fcr eine nachhaltige wirtschaftliche Entwicklung, die Entstehung von Kleinunternehmen und die Verbesserung der allgemeinen Lebensbedingungen der&nbsp; Dorfbev\u00f6lkerung. Zum Einsatz kommen hochwertige Lithium-Akkumulatoren<\/p>\n\n\n\n<p>Im Juli 2021 wurde zun\u00e4chst die Anlagen in Illond\u00e9 und Tendinto errichtet. Im Juli und August 2022 folgten die Metallwerkst\u00e4tten in Bubaque und Bijini, danach die beiden letzten Anlagen in Buba und Calacuda im Juli 2023. <\/p>\n\n\n\n<div class=\"wp-container-6 wp-block-columns\">\n<div class=\"wp-container-4 wp-block-column\">\n<p><strong>Die Solar-Metallwerkstatt<\/strong><\/p>\n\n\n\n<p>Der Aufbau der Werkstatt ist denkbar einfach. Sie arbeitet direkt mit dem von den Solarmodulen gelieferten Gleichstrom. Es kann also nur am Tag w\u00e4hrend der Sonnenstunden gearbeitet werden. F\u00fcr das Schweissen selbst werden darum keine Laderegler, Wechselrichter oder Batterien ben\u00f6tigt. Der Aufbau einer Werkstatt und des Micro-Grids dauert etwa 1 bis 2 Wochen.<\/p>\n\n\n\n<p>&nbsp;<br>Das Schweissen ist mit diesem Aufbau sogar leichter als mit einem herk\u00f6mmlichen, umweltsch\u00e4dlichen Diesel-Schweissgenerator, wie er \u00fcblicherweise in afrikanischen D\u00f6rfern verwendet wird. Fast keine Teile k\u00f6nnen brechen, was die Betriebssicherheit erh\u00f6ht. Die Qualit\u00e4t des Schweissens ist sogar besser als bei einem Wechselstrom-Schweissger\u00e4t. Winkelschleifer k\u00f6nnen ebenfalls direkt mit diesem Gleichstrom betrieben werden.<\/p>\n<\/div>\n\n\n\n<div class=\"wp-container-5 wp-block-column\">\n<figure class=\"wp-block-image size-large\"><img loading=\"lazy\" width=\"1024\" height=\"768\" src=\"http:\/\/naru-suisse.org\/wp-content\/uploads\/2022\/10\/Aktuelle-Projekte-Bild-4-1-1024x768.jpg\" alt=\"\" class=\"wp-image-161\" srcset=\"https:\/\/naru-suisse.org\/wp-content\/uploads\/2022\/10\/Aktuelle-Projekte-Bild-4-1-1024x768.jpg 1024w, https:\/\/naru-suisse.org\/wp-content\/uploads\/2022\/10\/Aktuelle-Projekte-Bild-4-1-300x225.jpg 300w, https:\/\/naru-suisse.org\/wp-content\/uploads\/2022\/10\/Aktuelle-Projekte-Bild-4-1-768x576.jpg 768w, https:\/\/naru-suisse.org\/wp-content\/uploads\/2022\/10\/Aktuelle-Projekte-Bild-4-1-1536x1152.jpg 1536w, https:\/\/naru-suisse.org\/wp-content\/uploads\/2022\/10\/Aktuelle-Projekte-Bild-4-1-2048x1536.jpg 2048w, https:\/\/naru-suisse.org\/wp-content\/uploads\/2022\/10\/Aktuelle-Projekte-Bild-4-1-1568x1176.jpg 1568w\" sizes=\"(max-width: 1024px) 100vw, 1024px\" \/><\/figure>\n\n\n\n<figure class=\"wp-block-image size-large\"><img loading=\"lazy\" width=\"1024\" height=\"768\" src=\"http:\/\/naru-suisse.org\/wp-content\/uploads\/2022\/10\/Aktuelle-Projekte-Bild-6-1-1024x768.jpg\" alt=\"\" class=\"wp-image-162\" srcset=\"https:\/\/naru-suisse.org\/wp-content\/uploads\/2022\/10\/Aktuelle-Projekte-Bild-6-1-1024x768.jpg 1024w, https:\/\/naru-suisse.org\/wp-content\/uploads\/2022\/10\/Aktuelle-Projekte-Bild-6-1-300x225.jpg 300w, https:\/\/naru-suisse.org\/wp-content\/uploads\/2022\/10\/Aktuelle-Projekte-Bild-6-1-768x576.jpg 768w, https:\/\/naru-suisse.org\/wp-content\/uploads\/2022\/10\/Aktuelle-Projekte-Bild-6-1-1536x1152.jpg 1536w, https:\/\/naru-suisse.org\/wp-content\/uploads\/2022\/10\/Aktuelle-Projekte-Bild-6-1-2048x1536.jpg 2048w, https:\/\/naru-suisse.org\/wp-content\/uploads\/2022\/10\/Aktuelle-Projekte-Bild-6-1-1568x1176.jpg 1568w\" sizes=\"(max-width: 1024px) 100vw, 1024px\" \/><\/figure>\n\n\n\n<figure class=\"wp-block-image size-large\"><img loading=\"lazy\" width=\"1024\" height=\"768\" src=\"http:\/\/naru-suisse.org\/wp-content\/uploads\/2022\/10\/Aktuelle-Projekte-Bild-7-1-1024x768.jpg\" alt=\"\" class=\"wp-image-163\" srcset=\"https:\/\/naru-suisse.org\/wp-content\/uploads\/2022\/10\/Aktuelle-Projekte-Bild-7-1-1024x768.jpg 1024w, https:\/\/naru-suisse.org\/wp-content\/uploads\/2022\/10\/Aktuelle-Projekte-Bild-7-1-300x225.jpg 300w, https:\/\/naru-suisse.org\/wp-content\/uploads\/2022\/10\/Aktuelle-Projekte-Bild-7-1-768x576.jpg 768w, https:\/\/naru-suisse.org\/wp-content\/uploads\/2022\/10\/Aktuelle-Projekte-Bild-7-1-1536x1152.jpg 1536w, https:\/\/naru-suisse.org\/wp-content\/uploads\/2022\/10\/Aktuelle-Projekte-Bild-7-1-2048x1536.jpg 2048w, https:\/\/naru-suisse.org\/wp-content\/uploads\/2022\/10\/Aktuelle-Projekte-Bild-7-1-1568x1176.jpg 1568w\" sizes=\"(max-width: 1024px) 100vw, 1024px\" \/><\/figure>\n<\/div>\n<\/div>\n\n\n\n<p>Schweisser und andere Metallarbeiter des jeweiligen Dorfes, die selbst keine eigene Stromversorgung haben bzw. bisher mit Generatorstrom gearbeitet haben, haben Zugang zur Werkstatt und k\u00f6nnen dort arbeiten. Sie zahlen nur f\u00fcr den genutzten Strom einen bestimmten Betrag abh\u00e4ngig vom Arbeitsvolumen und benutzten Material oder Werkzeuge.<\/p>\n\n\n\n<p>Die Werkstatt wird verwaltet von einem eigens daf\u00fcr ausgebildeten Grid-Manager, der die Arbeitsabl\u00e4ufe organisiert.<\/p>\n\n\n\n<div class=\"wp-container-9 wp-block-columns\">\n<div class=\"wp-container-7 wp-block-column\">\n<figure class=\"wp-block-image size-large\"><img loading=\"lazy\" width=\"1024\" height=\"461\" src=\"http:\/\/naru-suisse.org\/wp-content\/uploads\/2022\/10\/Aktuelle-Projekte-Bild-8-1-1024x461.jpg\" alt=\"\" class=\"wp-image-164\" srcset=\"https:\/\/naru-suisse.org\/wp-content\/uploads\/2022\/10\/Aktuelle-Projekte-Bild-8-1-1024x461.jpg 1024w, https:\/\/naru-suisse.org\/wp-content\/uploads\/2022\/10\/Aktuelle-Projekte-Bild-8-1-300x135.jpg 300w, https:\/\/naru-suisse.org\/wp-content\/uploads\/2022\/10\/Aktuelle-Projekte-Bild-8-1-768x346.jpg 768w, https:\/\/naru-suisse.org\/wp-content\/uploads\/2022\/10\/Aktuelle-Projekte-Bild-8-1-1536x691.jpg 1536w, https:\/\/naru-suisse.org\/wp-content\/uploads\/2022\/10\/Aktuelle-Projekte-Bild-8-1-2048x922.jpg 2048w, https:\/\/naru-suisse.org\/wp-content\/uploads\/2022\/10\/Aktuelle-Projekte-Bild-8-1-1568x706.jpg 1568w\" sizes=\"(max-width: 1024px) 100vw, 1024px\" \/><\/figure>\n\n\n\n<figure class=\"wp-block-image size-large\"><img loading=\"lazy\" width=\"1024\" height=\"461\" src=\"http:\/\/naru-suisse.org\/wp-content\/uploads\/2022\/10\/Aktuelle-Projekte-Bild-9-1-1024x461.jpg\" alt=\"\" class=\"wp-image-165\" srcset=\"https:\/\/naru-suisse.org\/wp-content\/uploads\/2022\/10\/Aktuelle-Projekte-Bild-9-1-1024x461.jpg 1024w, https:\/\/naru-suisse.org\/wp-content\/uploads\/2022\/10\/Aktuelle-Projekte-Bild-9-1-300x135.jpg 300w, https:\/\/naru-suisse.org\/wp-content\/uploads\/2022\/10\/Aktuelle-Projekte-Bild-9-1-768x346.jpg 768w, https:\/\/naru-suisse.org\/wp-content\/uploads\/2022\/10\/Aktuelle-Projekte-Bild-9-1-1536x691.jpg 1536w, https:\/\/naru-suisse.org\/wp-content\/uploads\/2022\/10\/Aktuelle-Projekte-Bild-9-1-2048x922.jpg 2048w, https:\/\/naru-suisse.org\/wp-content\/uploads\/2022\/10\/Aktuelle-Projekte-Bild-9-1-1568x706.jpg 1568w\" sizes=\"(max-width: 1024px) 100vw, 1024px\" \/><\/figure>\n\n\n\n<figure class=\"wp-block-image size-large\"><img loading=\"lazy\" width=\"1024\" height=\"461\" src=\"http:\/\/naru-suisse.org\/wp-content\/uploads\/2022\/10\/Aktuelle-Projekte-Bild-10-1-1024x461.jpg\" alt=\"\" class=\"wp-image-166\" srcset=\"https:\/\/naru-suisse.org\/wp-content\/uploads\/2022\/10\/Aktuelle-Projekte-Bild-10-1-1024x461.jpg 1024w, https:\/\/naru-suisse.org\/wp-content\/uploads\/2022\/10\/Aktuelle-Projekte-Bild-10-1-300x135.jpg 300w, https:\/\/naru-suisse.org\/wp-content\/uploads\/2022\/10\/Aktuelle-Projekte-Bild-10-1-768x346.jpg 768w, https:\/\/naru-suisse.org\/wp-content\/uploads\/2022\/10\/Aktuelle-Projekte-Bild-10-1-1536x691.jpg 1536w, https:\/\/naru-suisse.org\/wp-content\/uploads\/2022\/10\/Aktuelle-Projekte-Bild-10-1-2048x922.jpg 2048w, https:\/\/naru-suisse.org\/wp-content\/uploads\/2022\/10\/Aktuelle-Projekte-Bild-10-1-1568x706.jpg 1568w\" sizes=\"(max-width: 1024px) 100vw, 1024px\" \/><\/figure>\n<\/div>\n\n\n\n<div class=\"wp-container-8 wp-block-column\">\n<p><strong>Das Micro-Grid<\/strong><\/p>\n\n\n\n<p>Da Schweissarbeiten im Allgemeinen meist nur von kurzer Dauer sind, die Solarmodule aber w\u00e4hrend des ganzen Tages Strom generieren, ist es sinnvoll und nahe liegend, den anfallenden Strom in Batterien zu speichern und ein Micro-Grid aufzubauen, das w\u00e4hrend 24 Stunden pro Tag ausreichend Energie f\u00fcr die Stromversorgung von bis zu 25 Haushalten und Gesch\u00e4ften liefert.<\/p>\n<\/div>\n<\/div>\n\n\n\n<div class=\"wp-container-12 wp-block-columns\">\n<div class=\"wp-container-10 wp-block-column\">\n<p>Es steht gen\u00fcgend Strom zum Aufladen der Akkumulatoren des Grids f\u00fcr die Energieversorgung in den Abend- und Nachtstunden f\u00fcr 25 Einheiten (Haushalte und Gesch\u00e4fte) zur Verf\u00fcgung. Zum Einsatz kommen 2 Lithium- Akkumulatoren (LiFePo, 48V 65Ah), die den langfristigen und stabilen Betrieb des Industriepark und des Micro-Grids garantieren, sowie 2 Laderegler (je 48V 60A), 3 Wechselrichter (48V 2000VA) und 25 pre-paid Kilowattstunden-Z\u00e4hler.<\/p>\n<\/div>\n\n\n\n<div class=\"wp-container-11 wp-block-column\">\n<figure class=\"wp-block-image size-large\"><img loading=\"lazy\" width=\"1024\" height=\"768\" src=\"http:\/\/naru-suisse.org\/wp-content\/uploads\/2022\/10\/Aktuelle-Projekte-Bild-11-1-1024x768.jpg\" alt=\"\" class=\"wp-image-167\" srcset=\"https:\/\/naru-suisse.org\/wp-content\/uploads\/2022\/10\/Aktuelle-Projekte-Bild-11-1-1024x768.jpg 1024w, https:\/\/naru-suisse.org\/wp-content\/uploads\/2022\/10\/Aktuelle-Projekte-Bild-11-1-300x225.jpg 300w, https:\/\/naru-suisse.org\/wp-content\/uploads\/2022\/10\/Aktuelle-Projekte-Bild-11-1-768x576.jpg 768w, https:\/\/naru-suisse.org\/wp-content\/uploads\/2022\/10\/Aktuelle-Projekte-Bild-11-1-1536x1152.jpg 1536w, https:\/\/naru-suisse.org\/wp-content\/uploads\/2022\/10\/Aktuelle-Projekte-Bild-11-1-2048x1536.jpg 2048w, https:\/\/naru-suisse.org\/wp-content\/uploads\/2022\/10\/Aktuelle-Projekte-Bild-11-1-1568x1176.jpg 1568w\" sizes=\"(max-width: 1024px) 100vw, 1024px\" \/><\/figure>\n\n\n\n<figure class=\"wp-block-image size-large\"><img loading=\"lazy\" width=\"1024\" height=\"461\" src=\"http:\/\/naru-suisse.org\/wp-content\/uploads\/2022\/10\/Aktuelle-Projekte-Bild-12-1-1024x461.jpg\" alt=\"\" class=\"wp-image-168\" srcset=\"https:\/\/naru-suisse.org\/wp-content\/uploads\/2022\/10\/Aktuelle-Projekte-Bild-12-1-1024x461.jpg 1024w, https:\/\/naru-suisse.org\/wp-content\/uploads\/2022\/10\/Aktuelle-Projekte-Bild-12-1-300x135.jpg 300w, https:\/\/naru-suisse.org\/wp-content\/uploads\/2022\/10\/Aktuelle-Projekte-Bild-12-1-768x346.jpg 768w, https:\/\/naru-suisse.org\/wp-content\/uploads\/2022\/10\/Aktuelle-Projekte-Bild-12-1-1536x691.jpg 1536w, https:\/\/naru-suisse.org\/wp-content\/uploads\/2022\/10\/Aktuelle-Projekte-Bild-12-1-2048x922.jpg 2048w, https:\/\/naru-suisse.org\/wp-content\/uploads\/2022\/10\/Aktuelle-Projekte-Bild-12-1-1568x706.jpg 1568w\" sizes=\"(max-width: 1024px) 100vw, 1024px\" \/><\/figure>\n<\/div>\n<\/div>\n\n\n\n<div class=\"wp-container-15 wp-block-columns\">\n<div class=\"wp-container-13 wp-block-column\">\n<figure class=\"wp-block-image size-large\"><img loading=\"lazy\" width=\"1024\" height=\"768\" src=\"http:\/\/naru-suisse.org\/wp-content\/uploads\/2022\/10\/Aktuelle-Projekte-Bild-13-2-1024x768.jpg\" alt=\"\" class=\"wp-image-170\" srcset=\"https:\/\/naru-suisse.org\/wp-content\/uploads\/2022\/10\/Aktuelle-Projekte-Bild-13-2-1024x768.jpg 1024w, https:\/\/naru-suisse.org\/wp-content\/uploads\/2022\/10\/Aktuelle-Projekte-Bild-13-2-300x225.jpg 300w, https:\/\/naru-suisse.org\/wp-content\/uploads\/2022\/10\/Aktuelle-Projekte-Bild-13-2-768x576.jpg 768w, https:\/\/naru-suisse.org\/wp-content\/uploads\/2022\/10\/Aktuelle-Projekte-Bild-13-2-1536x1152.jpg 1536w, https:\/\/naru-suisse.org\/wp-content\/uploads\/2022\/10\/Aktuelle-Projekte-Bild-13-2-2048x1536.jpg 2048w, https:\/\/naru-suisse.org\/wp-content\/uploads\/2022\/10\/Aktuelle-Projekte-Bild-13-2-1568x1176.jpg 1568w\" sizes=\"(max-width: 1024px) 100vw, 1024px\" \/><\/figure>\n<\/div>\n\n\n\n<div class=\"wp-container-14 wp-block-column\">\n<p>Die an das Grid angeschlossenen Haushalte und Gesch\u00e4fte zahlen (pre-paid-System) ebenfalls f\u00fcr den genutzten Strom pro kWh. Die Einnahmen verwendet die NGO&nbsp;<em>NARU Navitas Ruralium<\/em> (Bissau)&nbsp;f\u00fcr die Verwaltung und die Aufrechterhaltung des Betriebes der Metallwerkstatt sowie f\u00fcr Wartung und ggf. Reparaturarbeiten oder eine m\u00f6gliche Expansion der Anlage.<\/p>\n<\/div>\n<\/div>\n\n\n\n<p><strong>Impact f\u00fcr die Umwelt und die sozio-\u00f6konomische Entwicklung der jeweiligen Region<\/strong><\/p>\n\n\n\n<p>In den 6 Regionen gibt es kein \u00f6ffentliches Stromnetz. Nur wenige Generatoren versorgen einige Gesch\u00e4fte und Haushalte mit Strom. Derzeit k\u00f6nnen in den D\u00f6rfern technische und handwerkliche Arbeiten im Bereich der Kleinindustrie nur mit der Energie der unbeliebten, teuren und Umwelt sch\u00e4dlichen Generatoren ausgef\u00fchrt werden. Die meisten Haushalte haben nur eine rudiment\u00e4re oder gar keine Stromversorgung und verwenden nachts Laternen und Kerzen. Die fehlende stabile Energieversorgung kann als Hauptgrund f\u00fcr die fehlende sozio-\u00f6konomische Entwicklung im l\u00e4ndlichen Afrika gesehen werden. Die mangelnde Energieversorgung ist auch eine der Hauptursachen f\u00fcr soziale Probleme in l\u00e4ndlichen Regionen, Gesundheits- und Umweltprobleme, Arbeits- und damit Geldmangel, Perspektiv- und Hoffnungslosigkeit insbesondere bei der jungen Bev\u00f6lkerung und in der Folge ihre Abwanderung in die gro\u00dfen St\u00e4dte oder ins Ausland. Eine weitere Ursache f\u00fcr soziale und wirtschaftliche Probleme ist die mangelnde oder unzureichende Bildung.<\/p>\n\n\n\n<p>Eine stabile Energieversorgung f\u00fcr die Kleinindustrie ist die Basis f\u00fcr die \u00f6konomische Entwicklung und&nbsp; die Verbesserung der allgemeinen Lebensbedingungen und markiert zugleich der Einstieg in eine umweltschonende Energieversorgung f\u00fcr die Region. Zugleich wird eine Infrastruktur f\u00fcr verschiedenen Ausbildungsinitiativen zur Verf\u00fcgung gestellt. Die Errichtung der Metallwerkstatt in dem jeweiligen Dorf und seiner Umgebung schafft dauerhaft Arbeitspl\u00e4tze, erm\u00f6glicht die Gr\u00fcndung neuer Kleinbetriebe und bietet speziell f\u00fcr junge Leute die Aussicht, ein regelm\u00e4ssiges Einkommen zu erzielen.<\/p>\n\n\n\n<p><em>NARU Suisse <\/em>bem\u00fcht sich, die beschriebenen Installationen, die mit 10kWp Modulleistung aktuell nur Kleinanlagen sind, um weitere technische Anwendungen in Richtung auf kleine Technikparks zu erweitern und so den produzierten Strom optimal zu nutzen. Naheliegend ist zun\u00e4chst der Aufbau von Solar-Schreinereien und die Inbetriebnahme von Reissch\u00e4lmaschinen und M\u00fchlen, nebst einer Erweiterung des Micro-Grids, um die Stromversorgung f\u00fcr einen noch gr\u00f6sseren Teil der D\u00f6rfer zu gew\u00e4hrleisten.<\/p>\n\n\n\n<p>Ausf\u00fchrlichere Darstellungen finden sich auf der Website: <a href=\"https:\/\/www.naru-bissau.org\/?page_id=780\">www.naru-bissau.org<\/a><\/p>\n\n\n\n<div class=\"wp-container-18 wp-block-columns\">\n<div class=\"wp-container-16 wp-block-column\">\n<figure class=\"wp-block-image size-large\"><img loading=\"lazy\" width=\"1024\" height=\"768\" src=\"http:\/\/naru-suisse.org\/wp-content\/uploads\/2022\/10\/Aktuelle-Projekte-Bild-14-2-1024x768.jpg\" alt=\"\" class=\"wp-image-173\" srcset=\"https:\/\/naru-suisse.org\/wp-content\/uploads\/2022\/10\/Aktuelle-Projekte-Bild-14-2-1024x768.jpg 1024w, https:\/\/naru-suisse.org\/wp-content\/uploads\/2022\/10\/Aktuelle-Projekte-Bild-14-2-300x225.jpg 300w, https:\/\/naru-suisse.org\/wp-content\/uploads\/2022\/10\/Aktuelle-Projekte-Bild-14-2-768x576.jpg 768w, https:\/\/naru-suisse.org\/wp-content\/uploads\/2022\/10\/Aktuelle-Projekte-Bild-14-2-1536x1152.jpg 1536w, https:\/\/naru-suisse.org\/wp-content\/uploads\/2022\/10\/Aktuelle-Projekte-Bild-14-2-2048x1536.jpg 2048w, https:\/\/naru-suisse.org\/wp-content\/uploads\/2022\/10\/Aktuelle-Projekte-Bild-14-2-1568x1176.jpg 1568w\" sizes=\"(max-width: 1024px) 100vw, 1024px\" \/><\/figure>\n<\/div>\n\n\n\n<div class=\"wp-container-17 wp-block-column\">\n<figure class=\"wp-block-image size-large\"><img loading=\"lazy\" width=\"1024\" height=\"768\" src=\"http:\/\/naru-suisse.org\/wp-content\/uploads\/2022\/10\/Aktuelle-Projekte-Bild-15-2-1024x768.jpg\" alt=\"\" class=\"wp-image-174\" srcset=\"https:\/\/naru-suisse.org\/wp-content\/uploads\/2022\/10\/Aktuelle-Projekte-Bild-15-2-1024x768.jpg 1024w, https:\/\/naru-suisse.org\/wp-content\/uploads\/2022\/10\/Aktuelle-Projekte-Bild-15-2-300x225.jpg 300w, https:\/\/naru-suisse.org\/wp-content\/uploads\/2022\/10\/Aktuelle-Projekte-Bild-15-2-768x576.jpg 768w, https:\/\/naru-suisse.org\/wp-content\/uploads\/2022\/10\/Aktuelle-Projekte-Bild-15-2-1536x1152.jpg 1536w, https:\/\/naru-suisse.org\/wp-content\/uploads\/2022\/10\/Aktuelle-Projekte-Bild-15-2-2048x1536.jpg 2048w, https:\/\/naru-suisse.org\/wp-content\/uploads\/2022\/10\/Aktuelle-Projekte-Bild-15-2-1568x1176.jpg 1568w\" sizes=\"(max-width: 1024px) 100vw, 1024px\" \/><\/figure>\n<\/div>\n<\/div>\n","protected":false},"excerpt":{"rendered":"<p>Projekttitel: Aufbau von Solar-Metallwerkst\u00e4tten mit angeschlossenem Micro-Grid in 6 verschiedenen D\u00f6rfern l\u00e4ndlicher Regionen Guinea-Bissaus (Serralharia solar com Micro Grid nas regi\u00f5es rurais da Guin\u00e9-Bissau)Projektbeginn: Juni 2021 Projektende: Juni 2024 NARU Navitas Ruralium (Bissau)&nbsp;errichtete in insgesamt 6 verschiedenen D\u00f6rfern im l\u00e4ndlichen Guinea-Bissau Solarkraftwerke (je 10 kWp) mit jeweils einer Metallwerkstatt und einem angeschlossenen Micro-Grid f\u00fcr die<a class=\"more-link\" href=\"https:\/\/naru-suisse.org\/?page_id=145\">Continue reading <span class=\"screen-reader-text\">&#171;6 Solar-Metallwerkst\u00e4tten (ECREEE)&#187;<\/span><\/a><\/p>\n","protected":false},"author":1,"featured_media":0,"parent":0,"menu_order":0,"comment_status":"closed","ping_status":"closed","template":"","meta":[],"_links":{"self":[{"href":"https:\/\/naru-suisse.org\/index.php?rest_route=\/wp\/v2\/pages\/145"}],"collection":[{"href":"https:\/\/naru-suisse.org\/index.php?rest_route=\/wp\/v2\/pages"}],"about":[{"href":"https:\/\/naru-suisse.org\/index.php?rest_route=\/wp\/v2\/types\/page"}],"author":[{"embeddable":true,"href":"https:\/\/naru-suisse.org\/index.php?rest_route=\/wp\/v2\/users\/1"}],"replies":[{"embeddable":true,"href":"https:\/\/naru-suisse.org\/index.php?rest_route=%2Fwp%2Fv2%2Fcomments&post=145"}],"version-history":[{"count":13,"href":"https:\/\/naru-suisse.org\/index.php?rest_route=\/wp\/v2\/pages\/145\/revisions"}],"predecessor-version":[{"id":272,"href":"https:\/\/naru-suisse.org\/index.php?rest_route=\/wp\/v2\/pages\/145\/revisions\/272"}],"wp:attachment":[{"href":"https:\/\/naru-suisse.org\/index.php?rest_route=%2Fwp%2Fv2%2Fmedia&parent=145"}],"curies":[{"name":"wp","href":"https:\/\/api.w.org\/{rel}","templated":true}]}}