{"id":151,"date":"2022-10-11T10:47:45","date_gmt":"2022-10-11T10:47:45","guid":{"rendered":"http:\/\/naru-suisse.org\/?page_id=151"},"modified":"2024-12-23T15:11:04","modified_gmt":"2024-12-23T15:11:04","slug":"abgeschlosseneprojekte","status":"publish","type":"page","link":"https:\/\/naru-suisse.org\/?page_id=151","title":{"rendered":"Abgeschlossene Projekte"},"content":{"rendered":"\n<p><strong>Referenzprojekt: Micro-Grid f\u00fcr 6 Wohnh\u00e4user in Gab\u00fa (2016)<\/strong><\/p>\n\n\n\n<div class=\"wp-container-3 wp-block-columns\">\n<div class=\"wp-container-1 wp-block-column\">\n<p>Als Pilotprojekt wurde 2016 ein Micro-Grid in Gab\u00fa, der gr\u00f6ssten Stadt im Nordosten des Landes, installiert. Das Micro-Grid (3,2kWp, 24V, 300Ah) liefert Strom f\u00fcr derzeit 6 Wohnh\u00e4user in Gab\u00fa. Die Wohnh\u00e4user haben Strom f\u00fcr den Betrieb von K\u00fchlschr\u00e4nken oder K\u00fchltruhen, Licht, Ventilatoren, TV, Radio und das Aufladen von Mobil-Telefonen.<\/p>\n<\/div>\n\n\n\n<div class=\"wp-container-2 wp-block-column\">\n<figure class=\"wp-block-image size-full\"><img loading=\"lazy\" width=\"329\" height=\"246\" src=\"http:\/\/naru-suisse.org\/wp-content\/uploads\/2022\/10\/Aktuelle-Projekte-Bild-16-1.png\" alt=\"\" class=\"wp-image-180\" srcset=\"https:\/\/naru-suisse.org\/wp-content\/uploads\/2022\/10\/Aktuelle-Projekte-Bild-16-1.png 329w, https:\/\/naru-suisse.org\/wp-content\/uploads\/2022\/10\/Aktuelle-Projekte-Bild-16-1-300x224.png 300w\" sizes=\"(max-width: 329px) 100vw, 329px\" \/><\/figure>\n<\/div>\n<\/div>\n\n\n\n<div class=\"wp-container-6 wp-block-columns\">\n<div class=\"wp-container-4 wp-block-column\">\n<figure class=\"wp-block-image size-full\"><img loading=\"lazy\" width=\"321\" height=\"240\" src=\"http:\/\/naru-suisse.org\/wp-content\/uploads\/2022\/10\/Aktuelle-Projekte-Bild-17-1.png\" alt=\"\" class=\"wp-image-181\" srcset=\"https:\/\/naru-suisse.org\/wp-content\/uploads\/2022\/10\/Aktuelle-Projekte-Bild-17-1.png 321w, https:\/\/naru-suisse.org\/wp-content\/uploads\/2022\/10\/Aktuelle-Projekte-Bild-17-1-300x224.png 300w\" sizes=\"(max-width: 321px) 100vw, 321px\" \/><\/figure>\n<\/div>\n\n\n\n<div class=\"wp-container-5 wp-block-column\">\n<figure class=\"wp-block-image size-full\"><img loading=\"lazy\" width=\"329\" height=\"247\" src=\"http:\/\/naru-suisse.org\/wp-content\/uploads\/2022\/10\/Aktuelle-Projekte-Bild-18-1.png\" alt=\"\" class=\"wp-image-183\" srcset=\"https:\/\/naru-suisse.org\/wp-content\/uploads\/2022\/10\/Aktuelle-Projekte-Bild-18-1.png 329w, https:\/\/naru-suisse.org\/wp-content\/uploads\/2022\/10\/Aktuelle-Projekte-Bild-18-1-300x225.png 300w\" sizes=\"(max-width: 329px) 100vw, 329px\" \/><\/figure>\n<\/div>\n<\/div>\n\n\n\n<p><strong>Referenzprojekt: Bau eines Brunnens mit\u00a0 Wasserpumpe, Wasserfilter und Wasserturm f\u00fcr eine Gesundheitsstation in G\u00e3-Tur\u00e9 (2017)<\/strong><\/p>\n\n\n\n<div class=\"wp-container-9 wp-block-columns\">\n<div class=\"wp-container-7 wp-block-column\">\n<figure class=\"wp-block-image size-full\"><img loading=\"lazy\" width=\"371\" height=\"278\" src=\"http:\/\/naru-suisse.org\/wp-content\/uploads\/2022\/10\/Aktuelle-Projekte-Bild-19-1.jpg\" alt=\"\" class=\"wp-image-184\" srcset=\"https:\/\/naru-suisse.org\/wp-content\/uploads\/2022\/10\/Aktuelle-Projekte-Bild-19-1.jpg 371w, https:\/\/naru-suisse.org\/wp-content\/uploads\/2022\/10\/Aktuelle-Projekte-Bild-19-1-300x225.jpg 300w\" sizes=\"(max-width: 371px) 100vw, 371px\" \/><\/figure>\n\n\n\n<figure class=\"wp-block-image size-full\"><img loading=\"lazy\" width=\"1024\" height=\"768\" src=\"http:\/\/naru-suisse.org\/wp-content\/uploads\/2022\/10\/Aktuelle-Projekte-Bild-20-1.png\" alt=\"\" class=\"wp-image-185\" srcset=\"https:\/\/naru-suisse.org\/wp-content\/uploads\/2022\/10\/Aktuelle-Projekte-Bild-20-1.png 1024w, https:\/\/naru-suisse.org\/wp-content\/uploads\/2022\/10\/Aktuelle-Projekte-Bild-20-1-300x225.png 300w, https:\/\/naru-suisse.org\/wp-content\/uploads\/2022\/10\/Aktuelle-Projekte-Bild-20-1-768x576.png 768w\" sizes=\"(max-width: 1024px) 100vw, 1024px\" \/><\/figure>\n\n\n\n<figure class=\"wp-block-image size-full\"><img loading=\"lazy\" width=\"215\" height=\"287\" src=\"http:\/\/naru-suisse.org\/wp-content\/uploads\/2022\/10\/Aktuelle-Projekte-Bild-21-1.png\" alt=\"\" class=\"wp-image-186\"\/><\/figure>\n<\/div>\n\n\n\n<div class=\"wp-container-8 wp-block-column\">\n<p>Im Rahmen des Programms PIMA (Programa Integrado para a redu\u00e7\u00e3o da Mortalidade Materno-Infantil na Guin\u00e9-Bissau \/ Integriertes Programm zur Verringerung der M\u00fctter- und Kindersterblichkeit in Guinea-Bissau) wurde 2017 auf dem Gel\u00e4nde der Gesundheitsstation in G\u00e3-Tur\u00e9 ein System mit Brunnen, Wasserpumpe,Wasserfilter und Wasserturm installiert.<\/p>\n\n\n\n<p>Zum Einsatz kam eine Grundfoss Deepwell Pumpe, die den Wasserturm nach Durchfluss des Wassers durch einen Filter f\u00fcllt, wodurch eine gute Wasserqualit\u00e4t gew\u00e4hrleistet ist. Die Solarmodule (2 x 250W) konnten so auf dem Wasserturm platziert werden, dass sie trotz der hohen B\u00e4ume in der Umgebung der Station nicht in den Verschattungsbereich geraten. Der Brunnen steht auch allen Bewohnern des Dorfes zur Verf\u00fcgung.<\/p>\n\n\n\n<p>(siehe:&nbsp;<a href=\"https:\/\/www.naru-bissau.org\/\" target=\"_blank\" rel=\"noreferrer noopener\">https:\/\/www.naru-bissau.org<\/a>)<\/p>\n\n\n\n<p>Die folgenden Photos zeigen die Installation f\u00fcr die Gesundheitsstation in dem Dorf G\u00e3-Tur\u00e9:<\/p>\n<\/div>\n<\/div>\n\n\n\n<div class=\"wp-container-12 wp-block-columns\">\n<div class=\"wp-container-10 wp-block-column\">\n<figure class=\"wp-block-image size-full\"><img loading=\"lazy\" width=\"213\" height=\"284\" src=\"http:\/\/naru-suisse.org\/wp-content\/uploads\/2022\/10\/Aktuelle-Projekte-Bild-22-1.png\" alt=\"\" class=\"wp-image-187\"\/><\/figure>\n<\/div>\n\n\n\n<div class=\"wp-container-11 wp-block-column\">\n<figure class=\"wp-block-image size-full\"><img loading=\"lazy\" width=\"355\" height=\"267\" src=\"http:\/\/naru-suisse.org\/wp-content\/uploads\/2022\/10\/Aktuelle-Projekte-Bild-23-1.jpg\" alt=\"\" class=\"wp-image-188\" srcset=\"https:\/\/naru-suisse.org\/wp-content\/uploads\/2022\/10\/Aktuelle-Projekte-Bild-23-1.jpg 355w, https:\/\/naru-suisse.org\/wp-content\/uploads\/2022\/10\/Aktuelle-Projekte-Bild-23-1-300x226.jpg 300w\" sizes=\"(max-width: 355px) 100vw, 355px\" \/><\/figure>\n<\/div>\n<\/div>\n\n\n\n<p><strong>Referenzprojekt: Mini-Grid in dem Dorf Contuboel (2017)<\/strong><\/p>\n\n\n\n<div class=\"wp-container-15 wp-block-columns\">\n<div class=\"wp-container-13 wp-block-column\">\n<p>Reinder Bouwmeester, der erste Pr\u00e4sident von\u00a0<em>NARU Navitas Ruralium<\/em> (Bissau)\u00a0hat 2017 im Auftrag und in\u00a0 Zusammenarbeit mit der holl\u00e4ndischen NGO\u00a0<em>FRES<\/em>\u00a0(Foundation Rural Energy Services,\u00a0<a href=\"http:\/\/www.fres.nl\/\">http:\/\/www.fres.nl<\/a>) als technischer Leiter die Elektrifizierung des Dorfes Contuboel im Nordosten von Guinea-Bissau durchgef\u00fchrt.<\/p>\n<\/div>\n\n\n\n<div class=\"wp-container-14 wp-block-column\">\n<figure class=\"wp-block-image size-full\"><img loading=\"lazy\" width=\"1024\" height=\"768\" src=\"http:\/\/naru-suisse.org\/wp-content\/uploads\/2022\/10\/Aktuelle-Projekte-Bild-24-1.png\" alt=\"\" class=\"wp-image-189\" srcset=\"https:\/\/naru-suisse.org\/wp-content\/uploads\/2022\/10\/Aktuelle-Projekte-Bild-24-1.png 1024w, https:\/\/naru-suisse.org\/wp-content\/uploads\/2022\/10\/Aktuelle-Projekte-Bild-24-1-300x225.png 300w, https:\/\/naru-suisse.org\/wp-content\/uploads\/2022\/10\/Aktuelle-Projekte-Bild-24-1-768x576.png 768w\" sizes=\"(max-width: 1024px) 100vw, 1024px\" \/><\/figure>\n<\/div>\n<\/div>\n\n\n\n<div class=\"wp-container-18 wp-block-columns\">\n<div class=\"wp-container-16 wp-block-column\">\n<figure class=\"wp-block-image size-large\"><img loading=\"lazy\" width=\"1024\" height=\"768\" src=\"http:\/\/naru-suisse.org\/wp-content\/uploads\/2022\/10\/Aktuelle-Projekte-Bild-25-1-1024x768.jpg\" alt=\"\" class=\"wp-image-190\" srcset=\"https:\/\/naru-suisse.org\/wp-content\/uploads\/2022\/10\/Aktuelle-Projekte-Bild-25-1-1024x768.jpg 1024w, https:\/\/naru-suisse.org\/wp-content\/uploads\/2022\/10\/Aktuelle-Projekte-Bild-25-1-300x225.jpg 300w, https:\/\/naru-suisse.org\/wp-content\/uploads\/2022\/10\/Aktuelle-Projekte-Bild-25-1-768x576.jpg 768w, https:\/\/naru-suisse.org\/wp-content\/uploads\/2022\/10\/Aktuelle-Projekte-Bild-25-1-1536x1152.jpg 1536w, https:\/\/naru-suisse.org\/wp-content\/uploads\/2022\/10\/Aktuelle-Projekte-Bild-25-1-2048x1536.jpg 2048w, https:\/\/naru-suisse.org\/wp-content\/uploads\/2022\/10\/Aktuelle-Projekte-Bild-25-1-1568x1176.jpg 1568w\" sizes=\"(max-width: 1024px) 100vw, 1024px\" \/><\/figure>\n\n\n\n<figure class=\"wp-block-image size-full\"><img loading=\"lazy\" width=\"345\" height=\"259\" src=\"http:\/\/naru-suisse.org\/wp-content\/uploads\/2022\/10\/Aktuelle-Projekte-Bild-26-1.png\" alt=\"\" class=\"wp-image-191\" srcset=\"https:\/\/naru-suisse.org\/wp-content\/uploads\/2022\/10\/Aktuelle-Projekte-Bild-26-1.png 345w, https:\/\/naru-suisse.org\/wp-content\/uploads\/2022\/10\/Aktuelle-Projekte-Bild-26-1-300x225.png 300w\" sizes=\"(max-width: 345px) 100vw, 345px\" \/><\/figure>\n\n\n\n<figure class=\"wp-block-image size-large\"><img loading=\"lazy\" width=\"1024\" height=\"576\" src=\"http:\/\/naru-suisse.org\/wp-content\/uploads\/2022\/10\/Aktuelle-Projekte-Bild-27-1-1024x576.png\" alt=\"\" class=\"wp-image-192\" srcset=\"https:\/\/naru-suisse.org\/wp-content\/uploads\/2022\/10\/Aktuelle-Projekte-Bild-27-1-1024x576.png 1024w, https:\/\/naru-suisse.org\/wp-content\/uploads\/2022\/10\/Aktuelle-Projekte-Bild-27-1-300x169.png 300w, https:\/\/naru-suisse.org\/wp-content\/uploads\/2022\/10\/Aktuelle-Projekte-Bild-27-1-768x432.png 768w, https:\/\/naru-suisse.org\/wp-content\/uploads\/2022\/10\/Aktuelle-Projekte-Bild-27-1.png 1280w\" sizes=\"(max-width: 1024px) 100vw, 1024px\" \/><\/figure>\n\n\n\n<figure class=\"wp-block-image size-large\"><img loading=\"lazy\" width=\"1024\" height=\"485\" src=\"http:\/\/naru-suisse.org\/wp-content\/uploads\/2022\/10\/Aktuelle-Projekte-Bild-28-1-1024x485.png\" alt=\"\" class=\"wp-image-193\" srcset=\"https:\/\/naru-suisse.org\/wp-content\/uploads\/2022\/10\/Aktuelle-Projekte-Bild-28-1-1024x485.png 1024w, https:\/\/naru-suisse.org\/wp-content\/uploads\/2022\/10\/Aktuelle-Projekte-Bild-28-1-300x142.png 300w, https:\/\/naru-suisse.org\/wp-content\/uploads\/2022\/10\/Aktuelle-Projekte-Bild-28-1-768x364.png 768w, https:\/\/naru-suisse.org\/wp-content\/uploads\/2022\/10\/Aktuelle-Projekte-Bild-28-1.png 1299w\" sizes=\"(max-width: 1024px) 100vw, 1024px\" \/><\/figure>\n<\/div>\n\n\n\n<div class=\"wp-container-17 wp-block-column\">\n<p>Contuboel ist ein Dorf von 3000 Einwohnern. Vor der Installation des Mini-Grids gab es im Dorf keine nennenswerte Elektrizit\u00e4tsversorgung. Lediglich einige wenige Dieselgeneratoren f\u00fcr einige H\u00e4user. Die Module mit einer Gesamtleistung von 110kWp liefern rund 440 kWh pro Tag. Die Anlage verf\u00fcgt \u00fcber ein Blitzableitersystem, die in tropischen Regionen wegen der starken Gewitter w\u00e4hrend der Regenzeit unverzichtbar ist. Das Mini-Grid umfasst bis Ende 2018 rund 600 Hausanschl\u00fcsse, die somit \u00fcber Elektrizit\u00e4t f\u00fcr den Betrieb von K\u00fchlschr\u00e4nken, K\u00fchltruhen, Licht, Ventilatoren, TV, Radio, und das Aufladen von Mobil-Telefonen verf\u00fcgen. Das Netzwerk wird stetig ausgebaut, die Zahl der Hausanschl\u00fcsse w\u00e4chst weiter. Ebenfalls an das Grid Angeschlossen sind rund 50 kleine L\u00e4den im Dorfzentrum entlang der Hauptstrasse, die Schule, die Moschee, einige kleinindustrielle Betriebe sowie zahlreiche Strassenlampen. Die Aufbauphase des Grids dauerte etwa ein halbes Jahr, an der. zahlreiche Dorfbewohner beteiligt waren. Insofern ist die Identifikation der Menschen mit ihrem Grid gross. Verwaltung und Management des Grids liegt in H\u00e4nden eines Teams, bestehend ausschliesslich aus Dorfbewohnern, die w\u00e4hrend der Aufbauphase ausgebildet worden sind. Nach nunmehr rund 4 Jahren seit Inbetriebnahme des Solarkraftwerkes ist eine erfreuliche \u00f6konomische Entwicklung deutlich erkennbar. Das Dorf hat f\u00fcr die Dorfbewohner sp\u00fcrbar an Attraktivit\u00e4t gewonnen. Speziell die jungen Leute sind motiviert, im Dorf zu bleiben, da sich ihnen neue berufliche M\u00f6glichkeiten er\u00f6ffnen, und viele, die das Dorf mangels Perspektiven bereits verlassen hatten, sind in letzter Zeit im Dorf zur\u00fcckgekehrt. Die Landflucht konnte gestoppt werden.<\/p>\n<\/div>\n<\/div>\n","protected":false},"excerpt":{"rendered":"<p>Referenzprojekt: Micro-Grid f\u00fcr 6 Wohnh\u00e4user in Gab\u00fa (2016) Als Pilotprojekt wurde 2016 ein Micro-Grid in Gab\u00fa, der gr\u00f6ssten Stadt im Nordosten des Landes, installiert. Das Micro-Grid (3,2kWp, 24V, 300Ah) liefert Strom f\u00fcr derzeit 6 Wohnh\u00e4user in Gab\u00fa. Die Wohnh\u00e4user haben Strom f\u00fcr den Betrieb von K\u00fchlschr\u00e4nken oder K\u00fchltruhen, Licht, Ventilatoren, TV, Radio und das Aufladen<a class=\"more-link\" href=\"https:\/\/naru-suisse.org\/?page_id=151\">Continue reading <span class=\"screen-reader-text\">&#171;Abgeschlossene Projekte&#187;<\/span><\/a><\/p>\n","protected":false},"author":1,"featured_media":0,"parent":0,"menu_order":0,"comment_status":"closed","ping_status":"closed","template":"","meta":[],"_links":{"self":[{"href":"https:\/\/naru-suisse.org\/index.php?rest_route=\/wp\/v2\/pages\/151"}],"collection":[{"href":"https:\/\/naru-suisse.org\/index.php?rest_route=\/wp\/v2\/pages"}],"about":[{"href":"https:\/\/naru-suisse.org\/index.php?rest_route=\/wp\/v2\/types\/page"}],"author":[{"embeddable":true,"href":"https:\/\/naru-suisse.org\/index.php?rest_route=\/wp\/v2\/users\/1"}],"replies":[{"embeddable":true,"href":"https:\/\/naru-suisse.org\/index.php?rest_route=%2Fwp%2Fv2%2Fcomments&post=151"}],"version-history":[{"count":4,"href":"https:\/\/naru-suisse.org\/index.php?rest_route=\/wp\/v2\/pages\/151\/revisions"}],"predecessor-version":[{"id":251,"href":"https:\/\/naru-suisse.org\/index.php?rest_route=\/wp\/v2\/pages\/151\/revisions\/251"}],"wp:attachment":[{"href":"https:\/\/naru-suisse.org\/index.php?rest_route=%2Fwp%2Fv2%2Fmedia&parent=151"}],"curies":[{"name":"wp","href":"https:\/\/api.w.org\/{rel}","templated":true}]}}