{"id":16,"date":"2022-09-25T12:21:22","date_gmt":"2022-09-25T12:21:22","guid":{"rendered":"http:\/\/naru-suisse.org\/?page_id=16"},"modified":"2022-10-05T08:44:02","modified_gmt":"2022-10-05T08:44:02","slug":"stromversorgung-in-guinea-bissau-aktuelle-situation","status":"publish","type":"page","link":"https:\/\/naru-suisse.org\/?page_id=16","title":{"rendered":"Stromversorgung in Guinea Bissau &#8211; Aktuelle Situation"},"content":{"rendered":"\n<p>In der Hauptstadt Bissau gibt es ein \u00f6ffentliches Stromnetz, das nicht durchg\u00e4ngig 24 Stunden am Tag Strom f\u00fcr die Haushalte der Stadt liefert. Es kommt h\u00e4ufig zu Stromabschaltungen. Das Kraftwerk in Bissau wird mit Dieselkraftstoff betrieben. In der zweitgr\u00f6ssten Stadt des Landes, in Bafata, und auch in Gab\u00fa gibt es kleine Stromnetze, die f\u00fcr wenige Stunden am Abend Strom liefern.<\/p>\n\n\n\n<p>In allen anderen Ortschaften und auf dem Land gibt es kein \u00f6ffentliches Stromnetz. Initiativen staatlicherseits, beispielsweise eine Erweiterung des \u00f6ffentlichen Stromnetzes, sind derzeit nicht zu erwarten.<\/p>\n\n\n\n<p>Auf dem Land versorgen Taschenlampen und Kerosin- und Petroleumlampen die Bev\u00f6lkerung mit Licht, deren Verwendung \u00e4usserst gesundheitssch\u00e4digend ist. Seit einigen Jahren gibt es auf den M\u00e4rkten verschiedene Kleinstanlagen zu kaufen, z.B. LED-Lampen mit eingebauter Batterie und kleinen Solarmodulen von 0,5 \u2013 3W Leistung oder 5 und 10W-Solarmodule f\u00fcr die Stromversorgung eines Radios w\u00e4hrend den Sonnenstunden am Tag.<\/p>\n\n\n\n<p>Solaranlagen gibt es noch wenige, nur vereinzelnd sind einige Einzelh\u00e4user reicherer Bev\u00f6lkerungsschichten mit einer Solaranlage ausgestattet. Viele dieser Anlagen funktionieren oft nur f\u00fcr wenige Monate. Die Gr\u00fcnde daf\u00fcr sind vielf\u00e4ltig: Verwendung von nicht an die harten klimatischen Bedingungen angepassten Komponenten niedriger Qualit\u00e4t, nicht-fachgerechte Installation, Mangel an Fachkr\u00e4ften f\u00fcr Service und Wartung der Anlagen.<\/p>\n\n\n\n<p>Zur Zeit gibt es zwei von NGOs finanzierte Mini Grids in Guinea Bissau, die f\u00fcr wenige Tausend Menschen Solarstrom liefern: in Bambadinga (im Zentrum Guinea Bissaus, 200kWp, er\u00f6ffnet in 2016) und in Contuboel (im Nordosten, 100kWp, er\u00f6ffnet in 2017).\u00a0 In den letzten Jahren wurden zahlreiche Solar-Strassenlampen errichtet, auch auf dem Land und in sehr abgelegenen Regionen. Viele dieser Strassenlampen fielen allerdings bereits nach weniger als einem Jahr aus.<\/p>\n\n\n\n<p>Seit einigen Jahren ist einerseits die Entstehung kleiner lokaler, aber zumeist nur kurzlebiger Netze zu beobachten, die einen begrenzten Raum mit Generatorstrom zu ausgesprochen hohen Preisen versorgen (umgerechnet z.T. mehr als 1\u20ac \/ kWh).<\/p>\n\n\n\n<p>Das Fehlen einer fl\u00e4chendeckenden und stabilen Stromversorgung ist heute das gr\u00f6sste Hindernis f\u00fcr den Beginn einer nachhaltigen \u00f6konomischen Entwicklung.<\/p>\n\n\n\n<p><strong>Hintergrund<\/strong>:<br><strong>(Soziale und \u00f6konomische Situation im d\u00f6rflichen Bereich Guinea Bissaus \u2013&nbsp; Perspektiven f\u00fcr die \u00f6konomische Entwicklung l\u00e4ndlicher Regionen)<\/strong><\/p>\n\n\n\n<p>Die mangelnde Energieversorgung ist eine der Hauptursachen f\u00fcr die \u00f6konomischen und sozialen Probleme in l\u00e4ndlichen Regionen, Gesundheits- und Umweltprobleme, Arbeits- und damit Geldmangel, Perspektiv- und Hoffnungslosigkeit insbesondere bei der jungen Bev\u00f6lkerung und in der Folge ihre Abwanderung in die gro\u00dfen St\u00e4dte oder ins Ausland. Eine weitere Ursache f\u00fcr soziale und wirtschaftliche Probleme ist die mangelnde oder unzureichende Bildung. Um diese Probleme zu l\u00f6sen, ist wiederum eine ausreichende und stabile Energieversorgung erforderlich. Eine stabile Energieversorgung garantiert nicht nur die Verbesserung der allgemeinen Lebensbedingungen und tr\u00e4gt zur Verbesserung der Gesundheits- und Umweltsituation in den Regionen bei, sondern ist auch die notwendige Voraussetzung f\u00fcr die wirtschaftliche Entwicklung eines Dorfes oder einer Region. Nicht nur Haushalte, sondern vor allem auch die kleinen Unternehmen ben\u00f6tigen Strom f\u00fcr ihre Entwicklung. Eine stabile Energieversorgung ist immer der Beginn eines dynamischen Prozesses, in dessen Verlauf verschiedene Entwicklungen &#8211; die Verbesserung der Lebensbedingungen, die Entstehung von Kleinunternehmen und Kleinindustrien, ein deutlicher R\u00fcckgang der Arbeitslosigkeit insbesondere bei jungen Menschen, die Verbesserung der Gesundheit und die Umweltsituation \u2013 sich erg\u00e4nzen und verst\u00e4rken. Das hei\u00dft, es ist der Strom, der Synergien zwischen verschiedenen wirtschaftlichen, sozialen und kulturellen Bereichen erzeugt.<\/p>\n","protected":false},"excerpt":{"rendered":"<p>In der Hauptstadt Bissau gibt es ein \u00f6ffentliches Stromnetz, das nicht durchg\u00e4ngig 24 Stunden am Tag Strom f\u00fcr die Haushalte der Stadt liefert. Es kommt h\u00e4ufig zu Stromabschaltungen. Das Kraftwerk in Bissau wird mit Dieselkraftstoff betrieben. In der zweitgr\u00f6ssten Stadt des Landes, in Bafata, und auch in Gab\u00fa gibt es kleine Stromnetze, die f\u00fcr wenige<a class=\"more-link\" href=\"https:\/\/naru-suisse.org\/?page_id=16\">Continue reading <span class=\"screen-reader-text\">&#171;Stromversorgung in Guinea Bissau &#8211; Aktuelle Situation&#187;<\/span><\/a><\/p>\n","protected":false},"author":1,"featured_media":0,"parent":0,"menu_order":0,"comment_status":"closed","ping_status":"closed","template":"","meta":[],"_links":{"self":[{"href":"https:\/\/naru-suisse.org\/index.php?rest_route=\/wp\/v2\/pages\/16"}],"collection":[{"href":"https:\/\/naru-suisse.org\/index.php?rest_route=\/wp\/v2\/pages"}],"about":[{"href":"https:\/\/naru-suisse.org\/index.php?rest_route=\/wp\/v2\/types\/page"}],"author":[{"embeddable":true,"href":"https:\/\/naru-suisse.org\/index.php?rest_route=\/wp\/v2\/users\/1"}],"replies":[{"embeddable":true,"href":"https:\/\/naru-suisse.org\/index.php?rest_route=%2Fwp%2Fv2%2Fcomments&post=16"}],"version-history":[{"count":5,"href":"https:\/\/naru-suisse.org\/index.php?rest_route=\/wp\/v2\/pages\/16\/revisions"}],"predecessor-version":[{"id":107,"href":"https:\/\/naru-suisse.org\/index.php?rest_route=\/wp\/v2\/pages\/16\/revisions\/107"}],"wp:attachment":[{"href":"https:\/\/naru-suisse.org\/index.php?rest_route=%2Fwp%2Fv2%2Fmedia&parent=16"}],"curies":[{"name":"wp","href":"https:\/\/api.w.org\/{rel}","templated":true}]}}