{"id":19,"date":"2022-09-25T12:21:23","date_gmt":"2022-09-25T12:21:23","guid":{"rendered":"http:\/\/naru-suisse.org\/?page_id=19"},"modified":"2022-10-04T12:56:38","modified_gmt":"2022-10-04T12:56:38","slug":"vorstand-kontakt","status":"publish","type":"page","link":"https:\/\/naru-suisse.org\/?page_id=19","title":{"rendered":"Vorstand &#038; Kontakt"},"content":{"rendered":"\n<p><br>NARU Suisse<br>Spindelstr. 2<br>8041 Z\u00fcrich<a href=\"info@naru-suisse.org\"><br>info@naru-suisse.org<\/a><\/p>\n\n\n\n<p><br>Michiel van der Want (Pr\u00e4sident)<br><a rel=\"noreferrer noopener\" href=\"mailto:m.vanderwant@naru-suisse.org\" target=\"_blank\">m.vanderwant@naru-suisse.org<\/a><\/p>\n\n\n\n<p>Andreas Hellmann (Vizepr\u00e4sident)<br><a href=\"mailto:a.hellmann@naru-suisse.org\">a.hellmann@naru-suisse.org<\/a><br><\/p>\n\n\n\n<p>Webseite NARU Navitas Ruralium (Bissau): <a href=\"http:\/\/www.naru-bissau.org\" target=\"_blank\" rel=\"noreferrer noopener\">www.naru-bissau.org<\/a><\/p>\n\n\n\n<p>Webseite NARU Suisse: <a href=\"http:\/\/www.naru-suisse.org\" target=\"_blank\" rel=\"noreferrer noopener\">www.naru-suisse.org<\/a><\/p>\n\n\n\n<p><\/p>\n","protected":false},"excerpt":{"rendered":"<p>NARU SuisseSpindelstr. 28041 Z\u00fcrichinfo@naru-suisse.org Michiel van der Want (Pr\u00e4sident)m.vanderwant@naru-suisse.org Andreas Hellmann (Vizepr\u00e4sident)a.hellmann@naru-suisse.org Webseite NARU Navitas Ruralium (Bissau): www.naru-bissau.org Webseite NARU Suisse: www.naru-suisse.org<\/p>\n","protected":false},"author":1,"featured_media":0,"parent":0,"menu_order":0,"comment_status":"closed","ping_status":"closed","template":"","meta":[],"_links":{"self":[{"href":"https:\/\/naru-suisse.org\/index.php?rest_route=\/wp\/v2\/pages\/19"}],"collection":[{"href":"https:\/\/naru-suisse.org\/index.php?rest_route=\/wp\/v2\/pages"}],"about":[{"href":"https:\/\/naru-suisse.org\/index.php?rest_route=\/wp\/v2\/types\/page"}],"author":[{"embeddable":true,"href":"https:\/\/naru-suisse.org\/index.php?rest_route=\/wp\/v2\/users\/1"}],"replies":[{"embeddable":true,"href":"https:\/\/naru-suisse.org\/index.php?rest_route=%2Fwp%2Fv2%2Fcomments&post=19"}],"version-history":[{"count":9,"href":"https:\/\/naru-suisse.org\/index.php?rest_route=\/wp\/v2\/pages\/19\/revisions"}],"predecessor-version":[{"id":88,"href":"https:\/\/naru-suisse.org\/index.php?rest_route=\/wp\/v2\/pages\/19\/revisions\/88"}],"wp:attachment":[{"href":"https:\/\/naru-suisse.org\/index.php?rest_route=%2Fwp%2Fv2%2Fmedia&parent=19"}],"curies":[{"name":"wp","href":"https:\/\/api.w.org\/{rel}","templated":true}]}}