{"id":260,"date":"2024-12-23T16:32:03","date_gmt":"2024-12-23T16:32:03","guid":{"rendered":"https:\/\/naru-suisse.org\/?page_id=260"},"modified":"2024-12-31T12:05:22","modified_gmt":"2024-12-31T12:05:22","slug":"permakultur-projekt-auf-der-bijagos-insel-bubaque","status":"publish","type":"page","link":"https:\/\/naru-suisse.org\/?page_id=260","title":{"rendered":"Permakultur-Projekt auf der Bijagos-Insel Bubaque"},"content":{"rendered":"\n<p><strong>Projekttitel:<\/strong> <strong><em>Aufbau einer landwirtschaftlichen Infrastruktur f\u00fcr die vielf\u00e4ltige und dauerhafte Produktion von Gem\u00fcse und Obst auf Bubaque. Ausbildung, Anbau und Verkauf<\/em><\/strong>.<\/p>\n\n\n\n<p>Projektbeginn: Oktober 2023<\/p>\n\n\n\n<figure class=\"wp-block-image size-full is-resized\"><img loading=\"lazy\" src=\"https:\/\/naru-suisse.org\/wp-content\/uploads\/2024\/12\/Permakultur-Projekt-Bubaque-Bild-1.jpg\" alt=\"\" class=\"wp-image-278\" width=\"754\" height=\"566\" srcset=\"https:\/\/naru-suisse.org\/wp-content\/uploads\/2024\/12\/Permakultur-Projekt-Bubaque-Bild-1.jpg 512w, https:\/\/naru-suisse.org\/wp-content\/uploads\/2024\/12\/Permakultur-Projekt-Bubaque-Bild-1-300x225.jpg 300w\" sizes=\"(max-width: 754px) 100vw, 754px\" \/><\/figure>\n\n\n\n<p>Auf einem Gel\u00e4nde der Gr\u00f6sse von etwa 1 ha wird eine landwirtschaftliche Infrastruktur, eine Permakultur-Anlage errichtet zur Produktion einer Vielfalt an Gem\u00fcsesorten und Fr\u00fcchten und zur Ausbildung in landwirtschaftlichen, speziell Permakultur-Techniken sowie zur Vermittlung detaillierten pflanzenkundlichen Wissens. Das Projekt wird von der Deutschen Botschaft in Dakar im Rahmen ihres Programms zur F\u00f6rderung abgelegener Inselregionen finanziert.<\/p>\n\n\n\n<figure class=\"wp-block-image size-full is-resized\"><img loading=\"lazy\" src=\"https:\/\/naru-suisse.org\/wp-content\/uploads\/2024\/12\/Permakultur-Projekt-Bubaque-Bild-2.jpg\" alt=\"\" class=\"wp-image-280\" width=\"753\" height=\"565\" srcset=\"https:\/\/naru-suisse.org\/wp-content\/uploads\/2024\/12\/Permakultur-Projekt-Bubaque-Bild-2.jpg 512w, https:\/\/naru-suisse.org\/wp-content\/uploads\/2024\/12\/Permakultur-Projekt-Bubaque-Bild-2-300x225.jpg 300w\" sizes=\"(max-width: 753px) 100vw, 753px\" \/><\/figure>\n\n\n\n<p>Das Vorhaben versteht sich dezidiert als ein offenes Community-Project, und zugleich ein Demonstrationsprojekt, an dem nicht nur w\u00e4hrend der Projektdauer, sondern auch danach eine Vielzahl von Dorfbewohnern beteiligt sein wird. Es wird eine Infrastruktur aufgebaut, die auch nach Ende des Projekts gew\u00e4hrleistet, auf Bubaque dauerhaft eine ertragreiche, vielf\u00e4ltige Produktion von gesunden und qualitativ hochwertigen Nahrungsmitteln zu etablieren.<\/p>\n\n\n\n<div class=\"wp-container-3 wp-block-columns\">\n<div class=\"wp-container-1 wp-block-column\">\n<figure class=\"wp-block-image size-full\"><img loading=\"lazy\" width=\"384\" height=\"512\" src=\"https:\/\/naru-suisse.org\/wp-content\/uploads\/2024\/12\/Permakultur-Projekt-Bubaque-Bild-4-1.jpg\" alt=\"\" class=\"wp-image-284\" srcset=\"https:\/\/naru-suisse.org\/wp-content\/uploads\/2024\/12\/Permakultur-Projekt-Bubaque-Bild-4-1.jpg 384w, https:\/\/naru-suisse.org\/wp-content\/uploads\/2024\/12\/Permakultur-Projekt-Bubaque-Bild-4-1-225x300.jpg 225w\" sizes=\"(max-width: 384px) 100vw, 384px\" \/><\/figure>\n<\/div>\n\n\n\n<div class=\"wp-container-2 wp-block-column\">\n<figure class=\"wp-block-image size-full\"><img loading=\"lazy\" width=\"384\" height=\"512\" src=\"https:\/\/naru-suisse.org\/wp-content\/uploads\/2024\/12\/Permakultur-Projekt-Bubaque-Bild-3-1.jpg\" alt=\"\" class=\"wp-image-285\" srcset=\"https:\/\/naru-suisse.org\/wp-content\/uploads\/2024\/12\/Permakultur-Projekt-Bubaque-Bild-3-1.jpg 384w, https:\/\/naru-suisse.org\/wp-content\/uploads\/2024\/12\/Permakultur-Projekt-Bubaque-Bild-3-1-225x300.jpg 225w\" sizes=\"(max-width: 384px) 100vw, 384px\" \/><\/figure>\n<\/div>\n<\/div>\n\n\n\n<p>Das Angebot an Gem\u00fcsesorten und Fr\u00fcchten auf den lokalen M\u00e4rkten in Bubaque ist \u00e4usserst marginal. Die Produkte stammen auch nicht aus lokaler Produktion, sondern wird \u00fcberwiegend aus Bissau, Senegal und zum Teil sogar aus Europa eingef\u00fchrt und sind insofern auch \u00fcberteuert \u2013 angesichts des g\u00fcnstigen Klimas und des \u00fcberaus fruchtbaren Bodens eine sehr unbefriedigende Situation.<br><br><\/p>\n\n\n\n<div class=\"wp-container-6 wp-block-columns\">\n<div class=\"wp-container-4 wp-block-column\">\n<figure class=\"wp-block-image size-full\"><img loading=\"lazy\" width=\"512\" height=\"384\" src=\"https:\/\/naru-suisse.org\/wp-content\/uploads\/2024\/12\/Permakultur-Projekt-Bubaque-Bild-6.jpg\" alt=\"\" class=\"wp-image-287\" srcset=\"https:\/\/naru-suisse.org\/wp-content\/uploads\/2024\/12\/Permakultur-Projekt-Bubaque-Bild-6.jpg 512w, https:\/\/naru-suisse.org\/wp-content\/uploads\/2024\/12\/Permakultur-Projekt-Bubaque-Bild-6-300x225.jpg 300w\" sizes=\"(max-width: 512px) 100vw, 512px\" \/><\/figure>\n<\/div>\n\n\n\n<div class=\"wp-container-5 wp-block-column\">\n<figure class=\"wp-block-image size-full\"><img loading=\"lazy\" width=\"512\" height=\"384\" src=\"https:\/\/naru-suisse.org\/wp-content\/uploads\/2024\/12\/Permakultur-Projekt-Bubaque-Bild-5.jpg\" alt=\"\" class=\"wp-image-288\" srcset=\"https:\/\/naru-suisse.org\/wp-content\/uploads\/2024\/12\/Permakultur-Projekt-Bubaque-Bild-5.jpg 512w, https:\/\/naru-suisse.org\/wp-content\/uploads\/2024\/12\/Permakultur-Projekt-Bubaque-Bild-5-300x225.jpg 300w\" sizes=\"(max-width: 512px) 100vw, 512px\" \/><\/figure>\n<\/div>\n<\/div>\n\n\n\n<p>Die Infrastruktur besteht aus einem Brunnen (mit einer mit Solarenergie betriebenen Wasserpumpe) f\u00fcr die Wasserversorgung der landwirtschaftlichen Fl\u00e4chen, einem Lagerraum f\u00fcr die Werkzeuge und die Ernte, einem kleinen Haus (B\u00fcro, Foyer), dazu ein kleiner halboffener Pavillon f\u00fcr den theoretischen Unterricht. Die gesamte Anlage \u2013 die Wasserpumpe im Brunnen, die H\u00e4user und die Lampen auf dem Gel\u00e4nde \u2013 werden mit Solarstrom versorgt.<\/p>\n\n\n\n<div class=\"wp-container-9 wp-block-columns\">\n<div class=\"wp-container-7 wp-block-column\">\n<figure class=\"wp-block-image size-large\"><img loading=\"lazy\" width=\"768\" height=\"1024\" src=\"https:\/\/naru-suisse.org\/wp-content\/uploads\/2024\/12\/Permakultur-Projekt-Bubaque-Bild-10-768x1024.jpg\" alt=\"\" class=\"wp-image-289\" srcset=\"https:\/\/naru-suisse.org\/wp-content\/uploads\/2024\/12\/Permakultur-Projekt-Bubaque-Bild-10-768x1024.jpg 768w, https:\/\/naru-suisse.org\/wp-content\/uploads\/2024\/12\/Permakultur-Projekt-Bubaque-Bild-10-225x300.jpg 225w, https:\/\/naru-suisse.org\/wp-content\/uploads\/2024\/12\/Permakultur-Projekt-Bubaque-Bild-10-1152x1536.jpg 1152w, https:\/\/naru-suisse.org\/wp-content\/uploads\/2024\/12\/Permakultur-Projekt-Bubaque-Bild-10-rotated.jpg 1224w\" sizes=\"(max-width: 768px) 100vw, 768px\" \/><\/figure>\n<\/div>\n\n\n\n<div class=\"wp-container-8 wp-block-column\">\n<figure class=\"wp-block-image size-large\"><img loading=\"lazy\" width=\"1024\" height=\"768\" src=\"https:\/\/naru-suisse.org\/wp-content\/uploads\/2024\/12\/Permakultur-Projekt-Bubaque-Bild-9-1024x768.jpg\" alt=\"\" class=\"wp-image-290\" srcset=\"https:\/\/naru-suisse.org\/wp-content\/uploads\/2024\/12\/Permakultur-Projekt-Bubaque-Bild-9-1024x768.jpg 1024w, https:\/\/naru-suisse.org\/wp-content\/uploads\/2024\/12\/Permakultur-Projekt-Bubaque-Bild-9-300x225.jpg 300w, https:\/\/naru-suisse.org\/wp-content\/uploads\/2024\/12\/Permakultur-Projekt-Bubaque-Bild-9-768x576.jpg 768w, https:\/\/naru-suisse.org\/wp-content\/uploads\/2024\/12\/Permakultur-Projekt-Bubaque-Bild-9-1536x1152.jpg 1536w, https:\/\/naru-suisse.org\/wp-content\/uploads\/2024\/12\/Permakultur-Projekt-Bubaque-Bild-9-1568x1176.jpg 1568w, https:\/\/naru-suisse.org\/wp-content\/uploads\/2024\/12\/Permakultur-Projekt-Bubaque-Bild-9.jpg 1632w\" sizes=\"(max-width: 1024px) 100vw, 1024px\" \/><\/figure>\n<\/div>\n<\/div>\n\n\n\n<div class=\"wp-container-12 wp-block-columns\">\n<div class=\"wp-container-10 wp-block-column\">\n<figure class=\"wp-block-image size-full\"><img loading=\"lazy\" width=\"512\" height=\"384\" src=\"https:\/\/naru-suisse.org\/wp-content\/uploads\/2024\/12\/Permakultur-Projekt-Bubaque-Bild-19.jpg\" alt=\"\" class=\"wp-image-305\" srcset=\"https:\/\/naru-suisse.org\/wp-content\/uploads\/2024\/12\/Permakultur-Projekt-Bubaque-Bild-19.jpg 512w, https:\/\/naru-suisse.org\/wp-content\/uploads\/2024\/12\/Permakultur-Projekt-Bubaque-Bild-19-300x225.jpg 300w\" sizes=\"(max-width: 512px) 100vw, 512px\" \/><\/figure>\n<\/div>\n\n\n\n<div class=\"wp-container-11 wp-block-column\">\n<figure class=\"wp-block-image size-full\"><img loading=\"lazy\" width=\"384\" height=\"512\" src=\"https:\/\/naru-suisse.org\/wp-content\/uploads\/2024\/12\/Permakultur-Projekt-Bubaque-Bild-20.jpg\" alt=\"\" class=\"wp-image-304\" srcset=\"https:\/\/naru-suisse.org\/wp-content\/uploads\/2024\/12\/Permakultur-Projekt-Bubaque-Bild-20.jpg 384w, https:\/\/naru-suisse.org\/wp-content\/uploads\/2024\/12\/Permakultur-Projekt-Bubaque-Bild-20-225x300.jpg 225w\" sizes=\"(max-width: 384px) 100vw, 384px\" \/><\/figure>\n<\/div>\n<\/div>\n\n\n\n<div class=\"wp-container-15 wp-block-columns\">\n<div class=\"wp-container-13 wp-block-column\">\n<figure class=\"wp-block-image size-large\"><img loading=\"lazy\" width=\"1024\" height=\"768\" src=\"https:\/\/naru-suisse.org\/wp-content\/uploads\/2024\/12\/Permakultur-Projekt-Bubaque-Bild-8-1024x768.jpg\" alt=\"\" class=\"wp-image-291\" srcset=\"https:\/\/naru-suisse.org\/wp-content\/uploads\/2024\/12\/Permakultur-Projekt-Bubaque-Bild-8-1024x768.jpg 1024w, https:\/\/naru-suisse.org\/wp-content\/uploads\/2024\/12\/Permakultur-Projekt-Bubaque-Bild-8-300x225.jpg 300w, https:\/\/naru-suisse.org\/wp-content\/uploads\/2024\/12\/Permakultur-Projekt-Bubaque-Bild-8-768x576.jpg 768w, https:\/\/naru-suisse.org\/wp-content\/uploads\/2024\/12\/Permakultur-Projekt-Bubaque-Bild-8-1536x1152.jpg 1536w, https:\/\/naru-suisse.org\/wp-content\/uploads\/2024\/12\/Permakultur-Projekt-Bubaque-Bild-8-1568x1176.jpg 1568w, https:\/\/naru-suisse.org\/wp-content\/uploads\/2024\/12\/Permakultur-Projekt-Bubaque-Bild-8.jpg 1632w\" sizes=\"(max-width: 1024px) 100vw, 1024px\" \/><\/figure>\n<\/div>\n\n\n\n<div class=\"wp-container-14 wp-block-column\">\n<figure class=\"wp-block-image size-full\"><img loading=\"lazy\" width=\"512\" height=\"384\" src=\"https:\/\/naru-suisse.org\/wp-content\/uploads\/2024\/12\/Permakultur-Projekt-Bubaque-Bild-7.jpg\" alt=\"\" class=\"wp-image-292\" srcset=\"https:\/\/naru-suisse.org\/wp-content\/uploads\/2024\/12\/Permakultur-Projekt-Bubaque-Bild-7.jpg 512w, https:\/\/naru-suisse.org\/wp-content\/uploads\/2024\/12\/Permakultur-Projekt-Bubaque-Bild-7-300x225.jpg 300w\" sizes=\"(max-width: 512px) 100vw, 512px\" \/><\/figure>\n<\/div>\n<\/div>\n\n\n\n<p>Viele B\u00e4ume, Pflanzen und Samen sind bereits vorhanden. Auf dem Gel\u00e4nde stehen Bananenb\u00e4ume, Mangob\u00e4ume, Orangen- und Zitronenb\u00e4ume, Papaya-, Guaven- und Maracujab\u00e4ume, Ananas u.a. Weitere Fruchtb\u00e4ume werden kontinuierlich angepflanzt. Die Anbaufl\u00e4chen werden f\u00fcr den Anbau von weiteren Gem\u00fcsesorten laufend erweitert. Angepflanzt werden verschiedene Sorten von Tomaten, Auberginen, Zucchini, Mais, Maniok, Kartoffeln, Gurken, K\u00fcrbis, Erdn\u00fcsse, Zwiebeln.<\/p>\n\n\n\n<div class=\"wp-container-19 wp-block-columns\">\n<div class=\"wp-container-16 wp-block-column\">\n<figure class=\"wp-block-image size-full\"><img loading=\"lazy\" width=\"384\" height=\"512\" src=\"https:\/\/naru-suisse.org\/wp-content\/uploads\/2024\/12\/Permakultur-Projekt-Bubaque-Bild-11.jpg\" alt=\"\" class=\"wp-image-293\" srcset=\"https:\/\/naru-suisse.org\/wp-content\/uploads\/2024\/12\/Permakultur-Projekt-Bubaque-Bild-11.jpg 384w, https:\/\/naru-suisse.org\/wp-content\/uploads\/2024\/12\/Permakultur-Projekt-Bubaque-Bild-11-225x300.jpg 225w\" sizes=\"(max-width: 384px) 100vw, 384px\" \/><\/figure>\n<\/div>\n\n\n\n<div class=\"wp-container-17 wp-block-column\">\n<figure class=\"wp-block-image size-full\"><img loading=\"lazy\" width=\"512\" height=\"384\" src=\"https:\/\/naru-suisse.org\/wp-content\/uploads\/2024\/12\/Permakultur-Projekt-Bubaque-Bild-13-1.jpg\" alt=\"\" class=\"wp-image-296\" srcset=\"https:\/\/naru-suisse.org\/wp-content\/uploads\/2024\/12\/Permakultur-Projekt-Bubaque-Bild-13-1.jpg 512w, https:\/\/naru-suisse.org\/wp-content\/uploads\/2024\/12\/Permakultur-Projekt-Bubaque-Bild-13-1-300x225.jpg 300w\" sizes=\"(max-width: 512px) 100vw, 512px\" \/><\/figure>\n<\/div>\n\n\n\n<div class=\"wp-container-18 wp-block-column\">\n<figure class=\"wp-block-image size-full\"><img loading=\"lazy\" width=\"384\" height=\"512\" src=\"https:\/\/naru-suisse.org\/wp-content\/uploads\/2024\/12\/Permakultur-Projekt-Bubaque-Bild-12-1.jpg\" alt=\"\" class=\"wp-image-297\" srcset=\"https:\/\/naru-suisse.org\/wp-content\/uploads\/2024\/12\/Permakultur-Projekt-Bubaque-Bild-12-1.jpg 384w, https:\/\/naru-suisse.org\/wp-content\/uploads\/2024\/12\/Permakultur-Projekt-Bubaque-Bild-12-1-225x300.jpg 225w\" sizes=\"(max-width: 384px) 100vw, 384px\" \/><\/figure>\n<\/div>\n<\/div>\n\n\n\n<p>In dem Projekt wird insbesondere eine Kerngruppe von 20-25 Personen, die die gesamte Ausbildung durchlaufen, in allen relevanten landwirtschaftlichen T\u00e4tigkeitsbereichen und dem entsprechenden Know how sehr profund ausgebildet werden. Zus\u00e4tzlich k\u00f6nnen auch w\u00e4hrend des Projektverlaufes (und auch danach) weitere Interessenten (insbesondere Schulklassen, es gibt 6 Schulen in Bubaque) zu einzelnen Unterrichtseinheiten oder Anpflanzungsarbeiten dazu kommen.<\/p>\n\n\n\n<div class=\"wp-container-22 wp-block-columns\">\n<div class=\"wp-container-20 wp-block-column\">\n<figure class=\"wp-block-image size-full\"><img loading=\"lazy\" width=\"512\" height=\"384\" src=\"https:\/\/naru-suisse.org\/wp-content\/uploads\/2024\/12\/Permakultur-Projekt-Bubaque-Bild-15.jpg\" alt=\"\" class=\"wp-image-298\" srcset=\"https:\/\/naru-suisse.org\/wp-content\/uploads\/2024\/12\/Permakultur-Projekt-Bubaque-Bild-15.jpg 512w, https:\/\/naru-suisse.org\/wp-content\/uploads\/2024\/12\/Permakultur-Projekt-Bubaque-Bild-15-300x225.jpg 300w\" sizes=\"(max-width: 512px) 100vw, 512px\" \/><\/figure>\n<\/div>\n\n\n\n<div class=\"wp-container-21 wp-block-column\">\n<figure class=\"wp-block-image size-large\"><img loading=\"lazy\" width=\"1024\" height=\"768\" src=\"https:\/\/naru-suisse.org\/wp-content\/uploads\/2024\/12\/Permakultur-Projekt-Bubaque-Bild-14-1024x768.jpg\" alt=\"\" class=\"wp-image-299\" srcset=\"https:\/\/naru-suisse.org\/wp-content\/uploads\/2024\/12\/Permakultur-Projekt-Bubaque-Bild-14-1024x768.jpg 1024w, https:\/\/naru-suisse.org\/wp-content\/uploads\/2024\/12\/Permakultur-Projekt-Bubaque-Bild-14-300x225.jpg 300w, https:\/\/naru-suisse.org\/wp-content\/uploads\/2024\/12\/Permakultur-Projekt-Bubaque-Bild-14-768x576.jpg 768w, https:\/\/naru-suisse.org\/wp-content\/uploads\/2024\/12\/Permakultur-Projekt-Bubaque-Bild-14.jpg 1030w\" sizes=\"(max-width: 1024px) 100vw, 1024px\" \/><\/figure>\n<\/div>\n<\/div>\n\n\n\n<p>Insbesondere unter der jungen Bev\u00f6lkerung ist die Landwirtschaft wenig attraktiv. Es besteht die Hoffnung, durch die aufgebaute \u2013 und funktionierende \u2013 Infrastruktur speziell die jungen Leute wieder vermehrt f\u00fcr die Landwirtschaft zu interessieren. Dies ist zugleich ein Beitrag zur Verhinderung der Landflucht.<\/p>\n\n\n\n<p>Hintergrund der landwirtschaftlichen Aktivit\u00e4ten und der Ausbildung sind das Permakultur-System und&nbsp;die Agroforstwirtschaft (Agroforestry, Syntropic Farming).Hauptt\u00e4tigkeiten sind der Anbau von Gem\u00fcse, Fr\u00fcchten und traditionellen Heilpflanzen sowie die Vermittlung aller notwendigen landwirtschaftlichen Techniken, Anbaumethoden einschliesslich Pflanzenkunde. F\u00fcr die teilnehmenden Dorfbewohner steht eine M\u00fchle zum Mahlen von Mais, Maniok und Reis zur Verf\u00fcgung.<\/p>\n\n\n\n<figure class=\"wp-block-image size-large\"><img loading=\"lazy\" width=\"1024\" height=\"768\" src=\"https:\/\/naru-suisse.org\/wp-content\/uploads\/2024\/12\/Permakultur-Projekt-Bubaque-Bild-16-1024x768.jpg\" alt=\"\" class=\"wp-image-300\" srcset=\"https:\/\/naru-suisse.org\/wp-content\/uploads\/2024\/12\/Permakultur-Projekt-Bubaque-Bild-16-1024x768.jpg 1024w, https:\/\/naru-suisse.org\/wp-content\/uploads\/2024\/12\/Permakultur-Projekt-Bubaque-Bild-16-300x225.jpg 300w, https:\/\/naru-suisse.org\/wp-content\/uploads\/2024\/12\/Permakultur-Projekt-Bubaque-Bild-16-768x576.jpg 768w, https:\/\/naru-suisse.org\/wp-content\/uploads\/2024\/12\/Permakultur-Projekt-Bubaque-Bild-16-1536x1152.jpg 1536w, https:\/\/naru-suisse.org\/wp-content\/uploads\/2024\/12\/Permakultur-Projekt-Bubaque-Bild-16-1568x1176.jpg 1568w, https:\/\/naru-suisse.org\/wp-content\/uploads\/2024\/12\/Permakultur-Projekt-Bubaque-Bild-16.jpg 1632w\" sizes=\"(max-width: 1024px) 100vw, 1024px\" \/><\/figure>\n\n\n\n<p>Ein (kleinerer) Teil der Ernte ist f\u00fcr den Eigenbedarf der Teilnehmer vorgesehen, der \u00fcberwiegende Teil des Ertrages ist f\u00fcr den Verkauf auf den M\u00e4rkten und kleinen Marktst\u00e4nden in Bubaque bestimmt, wodurch ein vielf\u00e4ltiges Angebot an gesunden und n\u00e4hrstoffreichen Nahrungsmitteln dauerhaft zur Verf\u00fcgung stehen wird. F\u00fcr die Projektteilnehmer und viele weitere Dorfbewohner ergibt sich so die M\u00f6glichkeit, durch den Verkauf der Produkte ein eigenes regelm\u00e4ssiges Einkommen zu erzielen.<\/p>\n\n\n\n<figure class=\"wp-block-image size-full is-resized\"><img loading=\"lazy\" src=\"https:\/\/naru-suisse.org\/wp-content\/uploads\/2024\/12\/Permakultur-Projekt-Bubaque-Bild-17.jpg\" alt=\"\" class=\"wp-image-301\" width=\"741\" height=\"556\" srcset=\"https:\/\/naru-suisse.org\/wp-content\/uploads\/2024\/12\/Permakultur-Projekt-Bubaque-Bild-17.jpg 512w, https:\/\/naru-suisse.org\/wp-content\/uploads\/2024\/12\/Permakultur-Projekt-Bubaque-Bild-17-300x225.jpg 300w\" sizes=\"(max-width: 741px) 100vw, 741px\" \/><\/figure>\n\n\n\n<p>\u00dcber das Hauptziel \u2013 eine grosse Vielfalt an gesunden Nahrungsmitteln auf Bubaque zur erzeugen \u2013 hinaus&nbsp;besteht <strong>der n\u00e4chste Schritt in der Entwicklung des Projektes<\/strong> darin, die Produkte vor Ort auf dem Gel\u00e4nde zu verarbeiten, indem <strong>verschiedene Produktionslinien<\/strong> aufgebaut werden:<br>&#8211; Herstellung von Bananen-Webfasern mit anschliessender lokaler Produktion von Kleidung<br>&#8211; Produktion&nbsp;von Moringa\u00f6l und Moringapulver<br>&#8211;&nbsp;Produktion von Trockenprodukten<br>&#8211; Produktion von Honig in zur Zeit 10 Bienenh\u00e4usern<br><br><\/p>\n\n\n\n<figure class=\"wp-block-image size-full\"><img loading=\"lazy\" width=\"384\" height=\"512\" src=\"https:\/\/naru-suisse.org\/wp-content\/uploads\/2024\/12\/Permakultur-Projekt-Bubaque-Bild-18.jpg\" alt=\"\" class=\"wp-image-303\" srcset=\"https:\/\/naru-suisse.org\/wp-content\/uploads\/2024\/12\/Permakultur-Projekt-Bubaque-Bild-18.jpg 384w, https:\/\/naru-suisse.org\/wp-content\/uploads\/2024\/12\/Permakultur-Projekt-Bubaque-Bild-18-225x300.jpg 225w\" sizes=\"(max-width: 384px) 100vw, 384px\" \/><\/figure>\n","protected":false},"excerpt":{"rendered":"<p>Projekttitel: Aufbau einer landwirtschaftlichen Infrastruktur f\u00fcr die vielf\u00e4ltige und dauerhafte Produktion von Gem\u00fcse und Obst auf Bubaque. Ausbildung, Anbau und Verkauf. Projektbeginn: Oktober 2023 Auf einem Gel\u00e4nde der Gr\u00f6sse von etwa 1 ha wird eine landwirtschaftliche Infrastruktur, eine Permakultur-Anlage errichtet zur Produktion einer Vielfalt an Gem\u00fcsesorten und Fr\u00fcchten und zur Ausbildung in landwirtschaftlichen, speziell Permakultur-Techniken<a class=\"more-link\" href=\"https:\/\/naru-suisse.org\/?page_id=260\">Continue reading <span class=\"screen-reader-text\">&#171;Permakultur-Projekt auf der Bijagos-Insel Bubaque&#187;<\/span><\/a><\/p>\n","protected":false},"author":1,"featured_media":0,"parent":69,"menu_order":0,"comment_status":"closed","ping_status":"closed","template":"","meta":[],"_links":{"self":[{"href":"https:\/\/naru-suisse.org\/index.php?rest_route=\/wp\/v2\/pages\/260"}],"collection":[{"href":"https:\/\/naru-suisse.org\/index.php?rest_route=\/wp\/v2\/pages"}],"about":[{"href":"https:\/\/naru-suisse.org\/index.php?rest_route=\/wp\/v2\/types\/page"}],"author":[{"embeddable":true,"href":"https:\/\/naru-suisse.org\/index.php?rest_route=\/wp\/v2\/users\/1"}],"replies":[{"embeddable":true,"href":"https:\/\/naru-suisse.org\/index.php?rest_route=%2Fwp%2Fv2%2Fcomments&post=260"}],"version-history":[{"count":9,"href":"https:\/\/naru-suisse.org\/index.php?rest_route=\/wp\/v2\/pages\/260\/revisions"}],"predecessor-version":[{"id":306,"href":"https:\/\/naru-suisse.org\/index.php?rest_route=\/wp\/v2\/pages\/260\/revisions\/306"}],"up":[{"embeddable":true,"href":"https:\/\/naru-suisse.org\/index.php?rest_route=\/wp\/v2\/pages\/69"}],"wp:attachment":[{"href":"https:\/\/naru-suisse.org\/index.php?rest_route=%2Fwp%2Fv2%2Fmedia&parent=260"}],"curies":[{"name":"wp","href":"https:\/\/api.w.org\/{rel}","templated":true}]}}