{"id":266,"date":"2024-12-23T16:43:20","date_gmt":"2024-12-23T16:43:20","guid":{"rendered":"https:\/\/naru-suisse.org\/?page_id=266"},"modified":"2024-12-23T16:44:47","modified_gmt":"2024-12-23T16:44:47","slug":"projekt-solar-micro-grid-auf-bubaque","status":"publish","type":"page","link":"https:\/\/naru-suisse.org\/?page_id=266","title":{"rendered":"Projekt: Solar Micro Grid auf Bubaque"},"content":{"rendered":"\n<p>Projektbeginn: Januar 2024<\/p>\n\n\n\n<p>Das Projekt wird finanziert von der Niederl\u00e4ndischen Botschaft in Dakar im Rahmen ihres <em>Small Projects Programs.<\/em><\/p>\n\n\n\n<p>In dem Dorf Bubaque in der Mitte des Bijagos-Archipels wird ein Solarkraftwerk mit zun\u00e4chst 15 kW Modulleistung gebaut. Das Solarfeld befindet sich zentral gelegen im Dorf Bubaque. Angeschlossen an das Solar-Kraftwerk ist ein Micro Grid.<\/p>\n\n\n\n<p>Ein <strong>Hauptanliegen des Projekts<\/strong>, m\u00f6glichst viele Haushalte und Gesch\u00e4fte an das Solar-Netz anzuschliessen, hat zum weiteren Ziel, dass viele der im Dorf verwendeten Generatoren abgeschaltet werden k\u00f6nnen. Das Projekt leistet insofern auch einen kleinen Beitrag zum Klimaschutz. Bis Ende des Jahres 2024 waren 24 Haushalte an das Netz angeschlossen, darunter ein Ausbildungszentrum f\u00fcr Informatik, ein Restaurant und 2 Gesch\u00e4fte.<\/p>\n\n\n\n<p>Auf dem \u2013 inzwischen eingez\u00e4unten \u2013 Projektgel\u00e4nde steht zudem eine Reissch\u00e4lmaschine f\u00fcr die Dorfbewohner zur Verf\u00fcgung. 2025 wird eine zweite Maschine sowie eine M\u00fchle zur Produktion von Maniok- und Maismehl dazu kommen. Ebenfalls 2025 wird auf dem Gel\u00e4nde eine Solar-Schreinerei eingerichtet werden. Auch Schweissarbeiten k\u00f6nnen in der Werkstatt durchgef\u00fchrt werden.<\/p>\n\n\n\n<p>Das Projekt folgt dem Konzept der NARU-Aktivit\u00e4ten, die Solaranlagen f\u00fcr die Stromversorgung von H\u00e4usern und Gesch\u00e4ften mit technischen Anwendungen zu kombinieren im Hinblick auf den Ausbau der Solarinstallation zu kleinen Industrieparks.<\/p>\n\n\n\n<p>Die geschaffene solare Infrastruktur (Solar-Micro-Grid) leistet nicht nur einen entscheidenden Beitrag zur Reduktion umweltsch\u00e4dlicher Emissionen und zum Einstieg in eine umweltfreundliche Energieversorgung des Dorfes durch Solarenergie, sondern er\u00f6ffnet auch vielf\u00e4ltige sozio\u00f6konomische Entwicklungschancen: die Schaffung neuer Arbeitspl\u00e4tze, Aus- und Weiterbildungsprogramme in verschiedenen Bereichen (insbesondere f\u00fcr Jugendliche und vor allem f\u00fcr Frauen) sowie eine Verbesserung der allgemeinen Lebensbedingungen der Dorfbewohner. Das Projekt wird auch das Bewusstsein und das Verst\u00e4ndnis f\u00fcr die Herausforderungen des Klimawandels sch\u00e4rfen, indem es den Dorfbewohnern die Notwendigkeit einer Verringerung der Nutzung fossiler Ressourcen und sch\u00e4dlicher Emissionen sowie die Bedeutung einer effizienten Nutzung von (erneuerbarer) Energie vor Augen f\u00fchrt.<\/p>\n","protected":false},"excerpt":{"rendered":"<p>Projektbeginn: Januar 2024 Das Projekt wird finanziert von der Niederl\u00e4ndischen Botschaft in Dakar im Rahmen ihres Small Projects Programs. In dem Dorf Bubaque in der Mitte des Bijagos-Archipels wird ein Solarkraftwerk mit zun\u00e4chst 15 kW Modulleistung gebaut. Das Solarfeld befindet sich zentral gelegen im Dorf Bubaque. Angeschlossen an das Solar-Kraftwerk ist ein Micro Grid. Ein<a class=\"more-link\" href=\"https:\/\/naru-suisse.org\/?page_id=266\">Continue reading <span class=\"screen-reader-text\">&#171;Projekt: Solar Micro Grid auf Bubaque&#187;<\/span><\/a><\/p>\n","protected":false},"author":1,"featured_media":0,"parent":69,"menu_order":0,"comment_status":"closed","ping_status":"closed","template":"","meta":[],"_links":{"self":[{"href":"https:\/\/naru-suisse.org\/index.php?rest_route=\/wp\/v2\/pages\/266"}],"collection":[{"href":"https:\/\/naru-suisse.org\/index.php?rest_route=\/wp\/v2\/pages"}],"about":[{"href":"https:\/\/naru-suisse.org\/index.php?rest_route=\/wp\/v2\/types\/page"}],"author":[{"embeddable":true,"href":"https:\/\/naru-suisse.org\/index.php?rest_route=\/wp\/v2\/users\/1"}],"replies":[{"embeddable":true,"href":"https:\/\/naru-suisse.org\/index.php?rest_route=%2Fwp%2Fv2%2Fcomments&post=266"}],"version-history":[{"count":2,"href":"https:\/\/naru-suisse.org\/index.php?rest_route=\/wp\/v2\/pages\/266\/revisions"}],"predecessor-version":[{"id":269,"href":"https:\/\/naru-suisse.org\/index.php?rest_route=\/wp\/v2\/pages\/266\/revisions\/269"}],"up":[{"embeddable":true,"href":"https:\/\/naru-suisse.org\/index.php?rest_route=\/wp\/v2\/pages\/69"}],"wp:attachment":[{"href":"https:\/\/naru-suisse.org\/index.php?rest_route=%2Fwp%2Fv2%2Fmedia&parent=266"}],"curies":[{"name":"wp","href":"https:\/\/api.w.org\/{rel}","templated":true}]}}